{"id":352,"date":"2021-04-20T08:05:36","date_gmt":"2021-04-20T08:05:36","guid":{"rendered":"http:\/\/s866866441.online.de\/?page_id=352"},"modified":"2026-01-31T12:49:45","modified_gmt":"2026-01-31T12:49:45","slug":"chronik","status":"publish","type":"page","link":"https:\/\/jitsu.de\/en\/chronik","title":{"rendered":"Chronik"},"content":{"rendered":"\t\t<div data-elementor-type=\"wp-page\" data-elementor-id=\"352\" class=\"elementor elementor-352\">\n\t\t\t\t\t\t<section class=\"elementor-section elementor-top-section elementor-element elementor-element-5b26542f elementor-section-height-min-height elementor-section-boxed elementor-section-height-default elementor-section-items-middle\" data-id=\"5b26542f\" data-element_type=\"section\" data-e-type=\"section\" data-settings=\"{&quot;background_background&quot;:&quot;slideshow&quot;,&quot;background_slideshow_gallery&quot;:[{&quot;id&quot;:79,&quot;url&quot;:&quot;https:\\\/\\\/jitsu.de\\\/wp-content\\\/uploads\\\/2021\\\/04\\\/Banner-Budo-Shin-Dojo-Neu.png&quot;},{&quot;id&quot;:84,&quot;url&quot;:&quot;https:\\\/\\\/jitsu.de\\\/wp-content\\\/uploads\\\/2021\\\/04\\\/Rainer-Banner-Kyujutsu.png&quot;},{&quot;id&quot;:85,&quot;url&quot;:&quot;https:\\\/\\\/jitsu.de\\\/wp-content\\\/uploads\\\/2021\\\/04\\\/Banner-Budo-Shin-DojoJudo-Jiu-Jitsu-web-2.jpg&quot;},{&quot;id&quot;:83,&quot;url&quot;:&quot;https:\\\/\\\/jitsu.de\\\/wp-content\\\/uploads\\\/2021\\\/04\\\/Rainer-Banner-Kobudo.png&quot;},{&quot;id&quot;:82,&quot;url&quot;:&quot;https:\\\/\\\/jitsu.de\\\/wp-content\\\/uploads\\\/2021\\\/04\\\/Rainer-Banner-Kenjutsu.png&quot;},{&quot;id&quot;:81,&quot;url&quot;:&quot;https:\\\/\\\/jitsu.de\\\/wp-content\\\/uploads\\\/2021\\\/04\\\/Kundalini-Yoga-Web-2.jpg&quot;},{&quot;id&quot;:80,&quot;url&quot;:&quot;https:\\\/\\\/jitsu.de\\\/wp-content\\\/uploads\\\/2021\\\/04\\\/Banner-Budowochenende.png&quot;}],&quot;background_slideshow_loop&quot;:&quot;yes&quot;,&quot;background_slideshow_slide_duration&quot;:5000,&quot;background_slideshow_slide_transition&quot;:&quot;fade&quot;,&quot;background_slideshow_transition_duration&quot;:500}\">\n\t\t\t\t\t\t\t<div class=\"elementor-background-overlay\"><\/div>\n\t\t\t\t\t\t\t<div class=\"elementor-container elementor-column-gap-default\">\n\t\t\t\t\t<div class=\"elementor-column elementor-col-100 elementor-top-column elementor-element elementor-element-568a1048\" data-id=\"568a1048\" data-element_type=\"column\" data-e-type=\"column\">\n\t\t\t<div class=\"elementor-widget-wrap elementor-element-populated\">\n\t\t\t\t\t\t<div class=\"elementor-element elementor-element-fb2feea elementor-widget elementor-widget-spacer\" data-id=\"fb2feea\" data-element_type=\"widget\" data-e-type=\"widget\" data-widget_type=\"spacer.default\">\n\t\t\t\t<div class=\"elementor-widget-container\">\n\t\t\t\t\t\t\t<div class=\"elementor-spacer\">\n\t\t\t<div class=\"elementor-spacer-inner\"><\/div>\n\t\t<\/div>\n\t\t\t\t\t\t<\/div>\n\t\t\t\t<\/div>\n\t\t\t\t\t<\/div>\n\t\t<\/div>\n\t\t\t\t\t<\/div>\n\t\t<\/section>\n\t\t\t\t<section class=\"elementor-section elementor-top-section elementor-element elementor-element-ee859d1 elementor-section-boxed elementor-section-height-default elementor-section-height-default\" data-id=\"ee859d1\" data-element_type=\"section\" data-e-type=\"section\">\n\t\t\t\t\t\t<div class=\"elementor-container elementor-column-gap-default\">\n\t\t\t\t\t<div class=\"elementor-column elementor-col-100 elementor-top-column elementor-element elementor-element-8a9c24d\" data-id=\"8a9c24d\" data-element_type=\"column\" data-e-type=\"column\">\n\t\t\t<div class=\"elementor-widget-wrap elementor-element-populated\">\n\t\t\t\t\t\t<div class=\"elementor-element elementor-element-a4e6a7a elementor-widget elementor-widget-heading\" data-id=\"a4e6a7a\" data-element_type=\"widget\" data-e-type=\"widget\" data-widget_type=\"heading.default\">\n\t\t\t\t<div class=\"elementor-widget-container\">\n\t\t\t\t\t<h2 class=\"elementor-heading-title elementor-size-default\">1976 bis heute<\/h2>\t\t\t\t<\/div>\n\t\t\t\t<\/div>\n\t\t\t\t\t<\/div>\n\t\t<\/div>\n\t\t\t\t\t<\/div>\n\t\t<\/section>\n\t\t\t\t<section class=\"elementor-section elementor-top-section elementor-element elementor-element-6e548cc elementor-section-boxed elementor-section-height-default elementor-section-height-default\" data-id=\"6e548cc\" data-element_type=\"section\" data-e-type=\"section\">\n\t\t\t\t\t\t<div class=\"elementor-container elementor-column-gap-default\">\n\t\t\t\t\t<div class=\"elementor-column elementor-col-100 elementor-top-column elementor-element elementor-element-6a06a53\" data-id=\"6a06a53\" data-element_type=\"column\" data-e-type=\"column\">\n\t\t\t<div class=\"elementor-widget-wrap elementor-element-populated\">\n\t\t\t\t\t\t<div class=\"elementor-element elementor-element-0b8eb41 elementor-widget elementor-widget-text-editor\" data-id=\"0b8eb41\" data-element_type=\"widget\" data-e-type=\"widget\" data-widget_type=\"text-editor.default\">\n\t\t\t\t<div class=\"elementor-widget-container\">\n\t\t\t\t\t\t\t\t\t<h3><strong>1976<\/strong><strong>: Gr\u00fcndung der Sparte Judo im SCT durch Peter Oldenburger<\/strong><\/h3><h3><strong>1977<\/strong><strong>: Ca. 40 Mitglieder (je zur H\u00e4lfte Kinder u. Erwachsene)<\/strong><\/h3><h3><strong>1978<\/strong><strong>: G\u00fcnter Huhn \u00fcbernimmt das Kindertraining<\/strong><\/h3><h3><strong>1979<\/strong><strong>: Erste Wettkampferfolge<\/strong><\/h3><h3><strong>1980<\/strong><strong>: Rainer Grytt wird Spartenleiter \/ Ehrgeizige Wettk\u00e4mpfer trainieren in Bremen<\/strong><\/h3><h3><strong>1981<\/strong><strong>: Probleme durch Kluft zwischen Wettk\u00e4mpfern u. \u201eHobbies&#8221;<\/strong><\/h3><h3><strong>1982<\/strong><strong>: Mitgliederr\u00fcckgang<\/strong><\/h3><h3><strong>1983<\/strong><strong>: Mitgliederzuwachs durch Erfolge im Jugendbereich<\/strong><\/h3><h3><strong>1984<\/strong><strong>: \u00fcber 50 Mitglieder, erstmals Einrichtung eines Anf\u00e4ngerkurses<\/strong><\/h3><h3><strong>1985<\/strong><strong>: weitere Wettkampferfolge, Besuch aus Bonn\u00e9table<\/strong><\/h3><h3><strong>1986<\/strong><strong>: 10 Jahre Judo im SCT! \u2013 1. Judo-Turnier in Twistringen<\/strong><\/h3><h3><strong>1987<\/strong><strong>: Austauschfahrt nach Bonn\u00e9table<\/strong><\/h3><h3><strong>1988<\/strong><strong>: Einf\u00fchrung des Jiu-Jitsu durch Rainer Grytt<\/strong><\/h3><h3><strong>1989<\/strong><strong>: Erste G\u00fcrtelpr\u00fcfungen im Jiu-Jitsu<\/strong><\/h3><h3><strong>1990<\/strong><strong>: Erste Dan-Pr\u00fcfung im Judo in Twistringen<\/strong><\/h3><h3><strong>1991<\/strong><strong>: 1. SV-Kurs f\u00fcr Frauen<\/strong><\/h3><h3><strong>1992<\/strong><strong>: 1. Budo-Wochenende in Twistringen<\/strong><\/h3><h3><strong>1993<\/strong><strong>: Tod v. Peter Oldenburger, 1. Jiu-Jitsu-Wettkampferfolge<\/strong><\/h3><h3><strong>1994<\/strong><strong>: 1. Kindergruppe im Jiu-Jitsu , Rainer schreibt ein Buch<\/strong><\/h3><h3><strong>1995<\/strong><strong>: Austausch-Fahrt nach Bonn\u00e9table<\/strong><\/h3><h3><strong>1996<\/strong><strong>: 20 Jahre Judo\/Jiu-Jitsu, 1. Erfolge in \u201eKata&#8221; &#8211; \u201eFranzosen&#8221;<\/strong><\/h3><h3><strong>1997<\/strong><strong>: \u00fcber 150 Mitglieder<\/strong><\/h3><h3><strong>1998<\/strong><strong>: Austausch-Fahrt nach Bonn\u00e9table<\/strong><\/h3><h3><strong>1999<\/strong><strong>: bereits vier Kindergruppen Jiu-Jitsu \/ zwei im Judo<\/strong><\/h3><h3><strong>2000<\/strong><strong>: 250 Mitglieder !, Ausrichtung der Kickbox WM 2000<\/strong><\/h3><h3><strong>2001<\/strong><strong>: Besuch der Franzosen, 25 Jahre Judo\/Jiu-Jitsu im SCT !<\/strong><\/h3><h3><strong>2002<\/strong><strong>: Einf\u00fchrung des Teakwondo<\/strong><\/h3><h3><strong>2003<\/strong><strong>: Kinder- und Jugendzeltlager in Dangast<\/strong><\/h3><h3><strong>2004<\/strong><strong>: Kampfsport und Urlaub unter Palmen in Sri Lanka<\/strong><\/h3><h3><strong>2005<\/strong><strong>: Kampfsport und Urlaub in Dubai \/ 25 Jahre Spartenleitung durch Rainer Grytt<\/strong><\/h3><h3><strong>2006<\/strong><strong>: 30 Jahre Kampfsport im SCT<\/strong><\/h3><h3><strong>2007<\/strong><strong>: 25 Jahre Deutsche Jiu-Jitsu Union \/ DJJU-Jubil\u00e4umsfeier \/ 7.Dan f\u00fcr Rainer Grytt von der Jiu-Jitsu-International \/ DVD-Serie der DJJU<\/strong><\/h3><h3><strong>2008<\/strong><strong>: Erfolgreiche Teilnahme an Kata-Meisterschaft<\/strong><\/h3><h3><strong>2009<\/strong><strong>:\u00a0<\/strong><strong>Erneuter Austausch, Fahrt nach Bonn\u00e9table (Frankreich), Gathering of the Clans Irland\/Kilkenny, Platzierungen bei Kata Meisterschaft in Belgien.<\/strong><\/h3><h3><strong>2010:<\/strong>\u00a0<strong>25 Jahre Jiu-Jitsu Union Niedersachsen \/ Gathering of the Clans Irland\/Kilkenny, Platzierungen bei der Kata Meisterschaft in Belgien.<\/strong><\/h3><h3><strong>2011:<\/strong>\u00a0<strong>20 Jahre\u00a0Budowochenende Twistringen \/ Rainer wird 60\u00a0\/ 35 Jahre Judo Jiu-Jitsu Taekwondo Iaido Sparte des SC Twistringen \/ Gathering of the Clans Irland\/Kilkenny, Platzierungen bei der Kata Meisterschaft in Belgien\u00a0 \/ Verleihung des 8. Dan durch den Deutschen Tai-Jitsu \/Jiu-Jitsu Verband.<\/strong><\/h3><h3><strong>2012:<\/strong>\u00a0<strong>Gathering of the Clans Irland\/Kilkenny \/ Sportler aus Frankreich zu Gast\/ Platzierungen bei der Kata Meisterschaft in Euskirchen\u00a0 \/ Rainer Grytt wird\u00a0zum Ritter erhoben. Er ist\u00a0<\/strong><strong>Knight in the Order of Saint George Niederlanden seit dem 30. Juni 2012 \/ 21 Budowochenende in Twistringen<\/strong><\/h3><h3><strong>2013:<\/strong>\u00a0<strong>22 Jahre\u00a0Budowochenende Twistringen \/ Gathering of the Clans Irland\/Kilkenny, Platzierungen bei den Kata Meisterschaft \/\u00a0Aufnahme des Yamabushi-Ryu Kyujutsu in unserer Sparte durch Rainer Grytt \/ Artikel \u00fcber Rainer<\/strong><\/h3><h3><strong>2014:<\/strong>\u00a0<strong>Ehrung durch State of Califonia, Frankreichfahrt der Sparte.<\/strong><\/h3><h3><strong>2015:<\/strong>\u00a0<strong>Gathering of the Clans Irland\/Kilkenny<\/strong><strong>, Budo-Kids-Night, Budo-Teens-Night<\/strong><\/h3><h3><b>2016:<\/b>\u00a0<strong><b>Gathering of the Clans Irland \/ Kilkenny \/\u00a0Budo-Kids-Night \/ Budo-Teens-Night \/ Seminar in der Schweiz, Europalehrgang Wichterich \/ Verleihung des 9. Dan durch den Deutschen Tai-Jitsu\/Jiu-Jitsu Verband \/\u00a0Internationales Seminar in Portugal mit Ehrung zum 9.Dan \/ Budoka aus Frankreich kammen zu Besuch \/ 1. Deutsche Kyujutsu Langbogenmeisterschaft in der H\u00fcnenburg zu Twistringen\/<\/b><\/strong><strong><b>40 Jahre Budo in Twistringen \/ 26 Jahre Budowochenende Twistringen\/ 2. Platz bei der Deutschen Katameisterschaft der WJJF-Germany f\u00fcr Twistringer Budoka<\/b><\/strong><\/h3><h3><strong><b>2017:<\/b><\/strong>\u00a0<b>Seminar in San-Diego (USA) \/<\/b>\u00a0<strong><b>Gathering of the Clans Irland -Kilkenny \/\u00a0Budo-Kids-Night \/ Budo-Teens-Night \/ Seminar in der Schweiz \/ Seminar in Dubai \/ Budoka aus Frankreich kammen zu Besuch \/ 2. Deutsche Kyujutsu Langbogenmeisterschaft in der H\u00fcnenburg zu Twistringen \/Einf\u00fchrung Kenjutsu\/ Fortbildungsseminar in Tokyo-Kyoto-Hiroshima-Osaka Japan \/<\/b><\/strong><strong><b>41 Jahre Budo in Twistringen &#8211; 27 Jahre Budowochenende Twistringen \/ Europaseminar der WJJF-Germany\u00a0<\/b><\/strong><\/h3><h3><strong><b>2018:<\/b><\/strong>\u00a0<strong><b>Gathering of the Clans Irland -Kilkenny \/\u00a0Budo-Kids-Night \/ Budo-Teens-Night \/ Seminar in der Schweiz \/ Seminar in Dubai \/\u00a0 1 Europ\u00e4ische Kyujutsu Langbogenmeisterschaft in der H\u00fcnenburg zu Twistringen \/Er\u00f6ffung des Budo-Leistungszentrum des BSD und des Yoshinkan-International e.V.\/<\/b><\/strong><strong><b>42 Jahre Budo in Twistringen &#8211; 28 Jahre Budowochenende Twistringen \/ WM der WJJF-Germany\u00a0<\/b><\/strong><\/h3><h3><strong><b>2019:<\/b><\/strong>\u00a0<strong><b>Gathering of the Clans Irland -Kilkenny \/\u00a0Budo-Kids-Night \/ Budo-Teens-Night \/ Seminar in der Schweiz \/\u00a0 1 Europ\u00e4ische Kyujutsu Langbogenmeisterschaft in der H\u00fcnenburg zu Twistringen \/<\/b><\/strong><strong><b>42 Jahre Budo in Twistringen &#8211; 28 Jahre Budowochenende Twistringen\u00a0<\/b><\/strong><\/h3><h3 class=\"n module-type-text diyfeLiveArea \"><strong><b>2020:<\/b><\/strong>\u00a0<strong><b>Gathering of the Clans Irland -Kilkenny &#8211; Internationale Kyujutsu\u00a0 Mannschaftsmeisterschaft\/\u00a0CORONA-Lockdown bis Ende Juli\/3 Deutsche Kyujutsu Langbogenmeisterschaft in der H\u00fcnenburg zu Twistringen \/<\/b><\/strong><strong><b>43 Jahre Budo in Twistringen &#8211; 29 Jahre Budowochenende Twistringen CORONA-Lockdown ab Ende Oktober bis in das Jahr 2021<\/b><\/strong><\/h3><h3 class=\"n module-type-text diyfeLiveArea \"><strong><b>2021:<\/b><\/strong> vom 1. Januar bis Ende Mai sind alle Seminare und Veranstaltungen bisher<strong><b>\u00a0wegen CORONA-Lockdown ausgefallen. \/ Deutsche Kyujutsu Langbogenmeisterschaft in der H\u00fcnenburg zu Twistringen. \/ 45 Jahre Budo in Twistringen &#8211; 40 Jahre ist Rainer der Spartenleiter. 30 Jahre Budowochenende Twistringen. \/ 10. DAN Jiu-Jitsu f\u00fcr Rainer Grytt, Ernennung zum Professor (Education of Martia Arts and Sports) der University of Luxemborug.<\/b><\/strong><\/h3><h3><strong>2022<\/strong>:\u00a0<strong>Internationales Seminar in Portugal, 17. <\/strong>Gathering of the Clans &amp; 6. Internationales Kyujutsu Seminar in Kilkenny Irland &#8211; Twistringen belegen als Mannschaft den 1. Platz in Target Shoot und den 2.Platz in Animal Shoot, Internationales Seminar in Schweden, Internationales Seminar in der Schweiz<\/h3><h3><strong>2023<\/strong>:\u00a0<strong>Internationales Seminar in Portugal, 18. <\/strong>Gathering of the Clans &amp; 7. Internationales Kyujutsu Seminar in Kilkenny Irland &#8211; Twistringen belegen als Mannschaft den 1. Platz in Target Shoot und den 2.Platz in Animal Shoot, Internationales Seminar in Schweden, Internationales Kobudo-Seminar in der Schweiz<\/h3><h3><strong>2024<\/strong>:\u00a0<strong>Internationales Seminar in Portugal, 19. <\/strong>Gathering of the Clans &amp; 7. Internationales Kyujutsu Seminar in Kilkenny Irland &#8211; Twistringen belegen als Mannschaft den 1. Platz in Target Shoot und den 2.Platz in Animal Shoot, Internationales Seminar in Schweden, Internationales Kobudo-Seminar in der Twistringen, 33. Budowochenende<\/h3><h3><strong>2025<\/strong>:\u00a0<strong>Internationales Seminar in Portugal, 20. <\/strong>Gathering of the Clans &amp; 8. Internationales Kyujutsu Seminar in Kilkenny Irland &#8211; Twistringen belegen als Mannschaft den 1. Platz in Target Shoot und den 2.Platz in Animal Shoot, 6. EM im Kyujutsu in Twistringen Internationales Kyujutsu-Seminar in Finnland, Internationales Kobudo-Seminar in der Schweiz,\u00a0<\/h3><p>\u00a0<\/p>\t\t\t\t\t\t\t\t<\/div>\n\t\t\t\t<\/div>\n\t\t\t\t\t<\/div>\n\t\t<\/div>\n\t\t\t\t\t<\/div>\n\t\t<\/section>\n\t\t\t\t<section class=\"elementor-section elementor-top-section elementor-element elementor-element-c41ce27 elementor-section-boxed elementor-section-height-default elementor-section-height-default\" data-id=\"c41ce27\" data-element_type=\"section\" data-e-type=\"section\">\n\t\t\t\t\t\t<div class=\"elementor-container elementor-column-gap-default\">\n\t\t\t\t\t<div class=\"elementor-column elementor-col-100 elementor-top-column elementor-element elementor-element-dc0d528\" data-id=\"dc0d528\" data-element_type=\"column\" data-e-type=\"column\">\n\t\t\t<div class=\"elementor-widget-wrap elementor-element-populated\">\n\t\t\t\t\t\t<div class=\"elementor-element elementor-element-e52312b elementor-widget elementor-widget-heading\" data-id=\"e52312b\" data-element_type=\"widget\" data-e-type=\"widget\" data-widget_type=\"heading.default\">\n\t\t\t\t<div class=\"elementor-widget-container\">\n\t\t\t\t\t<h2 class=\"elementor-heading-title elementor-size-default\">Gib hier deine \u00dcberschrift ein<\/h2>\t\t\t\t<\/div>\n\t\t\t\t<\/div>\n\t\t\t\t\t<\/div>\n\t\t<\/div>\n\t\t\t\t\t<\/div>\n\t\t<\/section>\n\t\t\t\t<\/div>\n\t\t","protected":false},"excerpt":{"rendered":"<p>1976 bis heute 1976: Gr\u00fcndung der Sparte Judo im SCT durch Peter Oldenburger 1977: Ca. 40 Mitglieder (je zur H\u00e4lfte Kinder u. Erwachsene) 1978: G\u00fcnter Huhn \u00fcbernimmt das Kindertraining 1979: Erste Wettkampferfolge 1980: Rainer Grytt wird Spartenleiter \/ Ehrgeizige Wettk\u00e4mpfer trainieren in Bremen 1981: Probleme durch Kluft zwischen Wettk\u00e4mpfern u. \u201eHobbies&#8221; 1982: Mitgliederr\u00fcckgang 1983: Mitgliederzuwachs [&hellip;]<\/p>\n","protected":false},"author":1,"featured_media":0,"parent":0,"menu_order":0,"comment_status":"closed","ping_status":"closed","template":"","meta":{"ocean_post_layout":"full-screen","ocean_both_sidebars_style":"","ocean_both_sidebars_content_width":0,"ocean_both_sidebars_sidebars_width":0,"ocean_sidebar":"0","ocean_second_sidebar":"0","ocean_disable_margins":"enable","ocean_add_body_class":"","ocean_shortcode_before_top_bar":"","ocean_shortcode_after_top_bar":"","ocean_shortcode_before_header":"","ocean_shortcode_after_header":"","ocean_has_shortcode":"","ocean_shortcode_after_title":"","ocean_shortcode_before_footer_widgets":"","ocean_shortcode_after_footer_widgets":"","ocean_shortcode_before_footer_bottom":"","ocean_shortcode_after_footer_bottom":"","ocean_display_top_bar":"off","ocean_display_header":"default","ocean_header_style":"","ocean_center_header_left_menu":"0","ocean_custom_header_template":"0","ocean_custom_logo":0,"ocean_custom_retina_logo":0,"ocean_custom_logo_max_width":0,"ocean_custom_logo_tablet_max_width":0,"ocean_custom_logo_mobile_max_width":0,"ocean_custom_logo_max_height":0,"ocean_custom_logo_tablet_max_height":0,"ocean_custom_logo_mobile_max_height":0,"ocean_header_custom_menu":"0","ocean_menu_typo_font_family":"0","ocean_menu_typo_font_subset":"","ocean_menu_typo_font_size":0,"ocean_menu_typo_font_size_tablet":0,"ocean_menu_typo_font_size_mobile":0,"ocean_menu_typo_font_size_unit":"px","ocean_menu_typo_font_weight":"","ocean_menu_typo_font_weight_tablet":"","ocean_menu_typo_font_weight_mobile":"","ocean_menu_typo_transform":"","ocean_menu_typo_transform_tablet":"","ocean_menu_typo_transform_mobile":"","ocean_menu_typo_line_height":0,"ocean_menu_typo_line_height_tablet":0,"ocean_menu_typo_line_height_mobile":0,"ocean_menu_typo_line_height_unit":"","ocean_menu_typo_spacing":0,"ocean_menu_typo_spacing_tablet":0,"ocean_menu_typo_spacing_mobile":0,"ocean_menu_typo_spacing_unit":"","ocean_menu_link_color":"","ocean_menu_link_color_hover":"","ocean_menu_link_color_active":"","ocean_menu_link_background":"","ocean_menu_link_hover_background":"","ocean_menu_link_active_background":"","ocean_menu_social_links_bg":"","ocean_menu_social_hover_links_bg":"","ocean_menu_social_links_color":"","ocean_menu_social_hover_links_color":"","ocean_disable_title":"on","ocean_disable_heading":"default","ocean_post_title":"","ocean_post_subheading":"","ocean_post_title_style":"","ocean_post_title_background_color":"","ocean_post_title_background":0,"ocean_post_title_bg_image_position":"","ocean_post_title_bg_image_attachment":"","ocean_post_title_bg_image_repeat":"","ocean_post_title_bg_image_size":"","ocean_post_title_height":0,"ocean_post_title_bg_overlay":0.5,"ocean_post_title_bg_overlay_color":"","ocean_disable_breadcrumbs":"default","ocean_breadcrumbs_color":"","ocean_breadcrumbs_separator_color":"","ocean_breadcrumbs_links_color":"","ocean_breadcrumbs_links_hover_color":"","ocean_display_footer_widgets":"off","ocean_display_footer_bottom":"off","ocean_custom_footer_template":"0","footnotes":""},"class_list":["post-352","page","type-page","status-publish","hentry","entry"],"_links":{"self":[{"href":"https:\/\/jitsu.de\/en\/wp-json\/wp\/v2\/pages\/352","targetHints":{"allow":["GET"]}}],"collection":[{"href":"https:\/\/jitsu.de\/en\/wp-json\/wp\/v2\/pages"}],"about":[{"href":"https:\/\/jitsu.de\/en\/wp-json\/wp\/v2\/types\/page"}],"author":[{"embeddable":true,"href":"https:\/\/jitsu.de\/en\/wp-json\/wp\/v2\/users\/1"}],"replies":[{"embeddable":true,"href":"https:\/\/jitsu.de\/en\/wp-json\/wp\/v2\/comments?post=352"}],"version-history":[{"count":42,"href":"https:\/\/jitsu.de\/en\/wp-json\/wp\/v2\/pages\/352\/revisions"}],"predecessor-version":[{"id":2953,"href":"https:\/\/jitsu.de\/en\/wp-json\/wp\/v2\/pages\/352\/revisions\/2953"}],"wp:attachment":[{"href":"https:\/\/jitsu.de\/en\/wp-json\/wp\/v2\/media?parent=352"}],"curies":[{"name":"wp","href":"https:\/\/api.w.org\/{rel}","templated":true}]}}