{"id":215,"date":"2021-04-19T15:08:38","date_gmt":"2021-04-19T15:08:38","guid":{"rendered":"http:\/\/s866866441.online.de\/?page_id=215"},"modified":"2021-06-01T08:12:05","modified_gmt":"2021-06-01T08:12:05","slug":"impressum","status":"publish","type":"page","link":"https:\/\/jitsu.de\/en\/impressum","title":{"rendered":"Impressum"},"content":{"rendered":"\t\t<div data-elementor-type=\"wp-page\" data-elementor-id=\"215\" class=\"elementor elementor-215\">\n\t\t\t\t\t\t<section class=\"elementor-section elementor-top-section elementor-element elementor-element-5856f642 elementor-section-height-min-height elementor-section-boxed elementor-section-height-default elementor-section-items-middle\" data-id=\"5856f642\" data-element_type=\"section\" data-e-type=\"section\" data-settings=\"{&quot;background_background&quot;:&quot;slideshow&quot;,&quot;background_slideshow_gallery&quot;:[{&quot;id&quot;:79,&quot;url&quot;:&quot;https:\\\/\\\/jitsu.de\\\/wp-content\\\/uploads\\\/2021\\\/04\\\/Banner-Budo-Shin-Dojo-Neu.png&quot;},{&quot;id&quot;:84,&quot;url&quot;:&quot;https:\\\/\\\/jitsu.de\\\/wp-content\\\/uploads\\\/2021\\\/04\\\/Rainer-Banner-Kyujutsu.png&quot;},{&quot;id&quot;:85,&quot;url&quot;:&quot;https:\\\/\\\/jitsu.de\\\/wp-content\\\/uploads\\\/2021\\\/04\\\/Banner-Budo-Shin-DojoJudo-Jiu-Jitsu-web-2.jpg&quot;},{&quot;id&quot;:83,&quot;url&quot;:&quot;https:\\\/\\\/jitsu.de\\\/wp-content\\\/uploads\\\/2021\\\/04\\\/Rainer-Banner-Kobudo.png&quot;},{&quot;id&quot;:82,&quot;url&quot;:&quot;https:\\\/\\\/jitsu.de\\\/wp-content\\\/uploads\\\/2021\\\/04\\\/Rainer-Banner-Kenjutsu.png&quot;},{&quot;id&quot;:81,&quot;url&quot;:&quot;https:\\\/\\\/jitsu.de\\\/wp-content\\\/uploads\\\/2021\\\/04\\\/Kundalini-Yoga-Web-2.jpg&quot;},{&quot;id&quot;:80,&quot;url&quot;:&quot;https:\\\/\\\/jitsu.de\\\/wp-content\\\/uploads\\\/2021\\\/04\\\/Banner-Budowochenende.png&quot;}],&quot;background_slideshow_loop&quot;:&quot;yes&quot;,&quot;background_slideshow_slide_duration&quot;:5000,&quot;background_slideshow_slide_transition&quot;:&quot;fade&quot;,&quot;background_slideshow_transition_duration&quot;:500}\">\n\t\t\t\t\t\t\t<div class=\"elementor-background-overlay\"><\/div>\n\t\t\t\t\t\t\t<div class=\"elementor-container elementor-column-gap-default\">\n\t\t\t\t\t<div class=\"elementor-column elementor-col-100 elementor-top-column elementor-element elementor-element-3fc657b6\" data-id=\"3fc657b6\" data-element_type=\"column\" data-e-type=\"column\">\n\t\t\t<div class=\"elementor-widget-wrap elementor-element-populated\">\n\t\t\t\t\t\t<div class=\"elementor-element elementor-element-2a0aa981 elementor-widget elementor-widget-spacer\" data-id=\"2a0aa981\" data-element_type=\"widget\" data-e-type=\"widget\" data-widget_type=\"spacer.default\">\n\t\t\t\t<div class=\"elementor-widget-container\">\n\t\t\t\t\t\t\t<div class=\"elementor-spacer\">\n\t\t\t<div class=\"elementor-spacer-inner\"><\/div>\n\t\t<\/div>\n\t\t\t\t\t\t<\/div>\n\t\t\t\t<\/div>\n\t\t\t\t\t<\/div>\n\t\t<\/div>\n\t\t\t\t\t<\/div>\n\t\t<\/section>\n\t\t\t\t<section class=\"elementor-section elementor-top-section elementor-element elementor-element-5aa6ff40 elementor-section-height-min-height animated-slow elementor-section-boxed elementor-section-height-default elementor-section-items-middle elementor-invisible\" data-id=\"5aa6ff40\" data-element_type=\"section\" data-e-type=\"section\" data-settings=\"{&quot;animation&quot;:&quot;fadeIn&quot;,&quot;background_background&quot;:&quot;classic&quot;,&quot;animation_delay&quot;:300}\">\n\t\t\t\t\t\t<div class=\"elementor-container elementor-column-gap-default\">\n\t\t\t\t\t<div class=\"elementor-column elementor-col-50 elementor-top-column elementor-element elementor-element-579f54e1\" data-id=\"579f54e1\" data-element_type=\"column\" data-e-type=\"column\">\n\t\t\t<div class=\"elementor-widget-wrap elementor-element-populated\">\n\t\t\t\t\t\t<div class=\"elementor-element elementor-element-338a70fd elementor-widget elementor-widget-heading\" data-id=\"338a70fd\" data-element_type=\"widget\" data-e-type=\"widget\" data-widget_type=\"heading.default\">\n\t\t\t\t<div class=\"elementor-widget-container\">\n\t\t\t\t\t<h2 class=\"elementor-heading-title elementor-size-default\">Kontakt \/ Impressum<\/h2>\t\t\t\t<\/div>\n\t\t\t\t<\/div>\n\t\t\t\t<div class=\"elementor-element elementor-element-5202b03d elementor-widget elementor-widget-text-editor\" data-id=\"5202b03d\" data-element_type=\"widget\" data-e-type=\"widget\" data-widget_type=\"text-editor.default\">\n\t\t\t\t<div class=\"elementor-widget-container\">\n\t\t\t\t\t\t\t\t\t<h1 class=\"n module-type-text diyfeLiveArea \"><strong>Rainer Grytt\u00a0 \u00a0 \u00a0 \u00a0 \u00a0 \u00a0 \u00a0 \u00a0 \u00a0 \u00a0 \u00a0 \u00a0 \u00a0 \u00a0Am Eichenkamp 7\u00a0 \u00a0 \u00a0 \u00a0 \u00a0 \u00a027239 Twistringen<\/strong><\/h1><h2 class=\"n module-type-text diyfeLiveArea \"><strong>Tel. 04243 \/ 602211\u00a0<\/strong><\/h2><h2 class=\"n module-type-text diyfeLiveArea \"><strong>Web:<\/strong>\u00a0<strong><a>www.jitsu.de<\/a><\/strong>\u00a0 \u00a0 \u00a0 \u00a0 \u00a0 \u00a0 \u00a0 \u00a0 \u00a0 \u00a0 \u00a0 \u00a0 \u00a0<strong>E-mail:<\/strong>\u00a0<strong><a href=\"mailto:rgrytt@t-online.de\" target=\"_self\">rgrytt@t-online.de<\/a>\u00a0<\/strong><\/h2>\t\t\t\t\t\t\t\t<\/div>\n\t\t\t\t<\/div>\n\t\t\t\t\t<\/div>\n\t\t<\/div>\n\t\t\t\t<div class=\"elementor-column elementor-col-50 elementor-top-column elementor-element elementor-element-5664773\" data-id=\"5664773\" data-element_type=\"column\" data-e-type=\"column\">\n\t\t\t<div class=\"elementor-widget-wrap elementor-element-populated\">\n\t\t\t\t\t\t<div class=\"elementor-element elementor-element-63ec88f elementor-widget elementor-widget-heading\" data-id=\"63ec88f\" data-element_type=\"widget\" data-e-type=\"widget\" data-widget_type=\"heading.default\">\n\t\t\t\t<div class=\"elementor-widget-container\">\n\t\t\t\t\t<h2 class=\"elementor-heading-title elementor-size-default\">Haftungshinweis:<\/h2>\t\t\t\t<\/div>\n\t\t\t\t<\/div>\n\t\t\t\t<div class=\"elementor-element elementor-element-e92f13b elementor-widget elementor-widget-text-editor\" data-id=\"e92f13b\" data-element_type=\"widget\" data-e-type=\"widget\" data-widget_type=\"text-editor.default\">\n\t\t\t\t<div class=\"elementor-widget-container\">\n\t\t\t\t\t\t\t\t\t<div class=\"n module-type-text diyfeLiveArea \"><h2 class=\"elementor-heading-title elementor-size-default\">Trotz sorgf\u00e4ltiger inhaltlicher Kontrolle \u00fcbernehmen wir keine Haftung f\u00fcr die Inhalte externer Links. F\u00fcr den Inhalt der verlinkten Seiten sind ausschlie\u00dflich deren Betreiber verantwortlich. Fehler und Irrt\u00fcmer vorbehalten.<\/h2><\/div>\t\t\t\t\t\t\t\t<\/div>\n\t\t\t\t<\/div>\n\t\t\t\t\t<\/div>\n\t\t<\/div>\n\t\t\t\t\t<\/div>\n\t\t<\/section>\n\t\t\t\t<section class=\"elementor-section elementor-top-section elementor-element elementor-element-6597fd9 elementor-section-height-min-height animated-slow elementor-section-boxed elementor-section-height-default elementor-section-items-middle elementor-invisible\" data-id=\"6597fd9\" data-element_type=\"section\" data-e-type=\"section\" data-settings=\"{&quot;animation&quot;:&quot;fadeIn&quot;,&quot;background_background&quot;:&quot;classic&quot;,&quot;animation_delay&quot;:300}\">\n\t\t\t\t\t\t<div class=\"elementor-container elementor-column-gap-default\">\n\t\t\t\t\t<div class=\"elementor-column elementor-col-50 elementor-top-column elementor-element elementor-element-dc216f9\" data-id=\"dc216f9\" data-element_type=\"column\" data-e-type=\"column\">\n\t\t\t<div class=\"elementor-widget-wrap elementor-element-populated\">\n\t\t\t\t\t\t<div class=\"elementor-element elementor-element-64fa6db elementor-widget elementor-widget-heading\" data-id=\"64fa6db\" data-element_type=\"widget\" data-e-type=\"widget\" data-widget_type=\"heading.default\">\n\t\t\t\t<div class=\"elementor-widget-container\">\n\t\t\t\t\t<h2 class=\"elementor-heading-title elementor-size-default\">Datenschutzerkl\u00e4rung<\/h2>\t\t\t\t<\/div>\n\t\t\t\t<\/div>\n\t\t\t\t<div class=\"elementor-element elementor-element-03f3517 elementor-widget elementor-widget-text-editor\" data-id=\"03f3517\" data-element_type=\"widget\" data-e-type=\"widget\" data-widget_type=\"text-editor.default\">\n\t\t\t\t<div class=\"elementor-widget-container\">\n\t\t\t\t\t\t\t\t\t<h1 align=\"left\"><strong>Datenschutzerkl\u00e4rung<\/strong><\/h1><div><hr align=\"center\" noshade=\"noshade\" size=\"1\" width=\"100%\" \/><\/div><h2>Verantwortliche Stelle im Sinne der Datenschutzgesetze, insbesondere der EU-Daten\u00adschutz\u00adgrund\u00adverordnung (DSGVO): Budo-Shin-Dojo des SC Twistringen.e.V., siehe obenstehendes Impressum.<\/h2><h2>Wir verarbeiten Ihre personenbezogenen Daten nur zu den in dieser Datenschutzerkl\u00e4rung genannten Zwecken. Eine \u00dcbermittlung Ihrer pers\u00f6nlichen Daten an Dritte zu anderen als den genannten Zwecken findet nicht statt. Wir halten uns an die Grunds\u00e4tze der Datenvermeidung und Datensparsamkeit. Wir speichern Ihre personenbezogenen Daten daher nur so lange, wie dies zur Erreichung der hier genannten Zwecke erforderlich ist oder wie es die vom Gesetzgeber vorgesehenen vielf\u00e4ltigen Speicherfristen vorsehen. Nach Fortfall des jeweiligen Zweckes bzw. Ablauf dieser Fristen werden die entsprechenden Daten routinem\u00e4\u00dfig und entsprechend den gesetzlichen Vorschriften gesperrt oder gel\u00f6scht.<\/h2><h1 align=\"left\"><strong>Ihre Rechte<\/strong><\/h1><h2>Unter den angegebenen Kontaktdaten (s. obenstehendes Impressum) k\u00f6nnen Sie jederzeit folgende Rechte aus\u00fcben:<\/h2><h2 align=\"left\">o\u00a0\u00a0\u00a0\u00a0Auskunft \u00fcber Ihre bei uns gespeicherten Daten und deren Verarbeitung,<\/h2><h2 align=\"left\">o\u00a0\u00a0\u00a0\u00a0Berichtigung unrichtiger personenbezogener Daten,<\/h2><h2 align=\"left\">o\u00a0\u00a0\u00a0\u00a0L\u00f6schung Ihrer bei uns gespeicherten Daten,<\/h2><h2 align=\"left\">o\u00a0\u00a0\u00a0\u00a0Einschr\u00e4nkung der Datenverarbeitung, sofern wir Ihre Daten aufgrund gesetzlicher Pflichten noch nicht l\u00f6schen d\u00fcrfen,<\/h2><h2 align=\"left\">o\u00a0\u00a0\u00a0\u00a0Widerspruch gegen die Verarbeitung Ihrer Daten bei uns und<\/h2><h2 align=\"left\">o\u00a0\u00a0\u00a0\u00a0Daten\u00fcbertragbarkeit, sofern Sie in die Datenverarbeitung eingewilligt haben oder einen Vertrag mit uns abgeschlossen haben.<\/h2><h2 align=\"left\"><strong>Erfassung allgemeiner Informationen beim Besuch unserer Website<\/strong><\/h2><h2>Wenn Sie auf unsere Website zugreifen, werden automatisch Informationen allgemeiner Natur erfasst. Diese Informationen (Server-Logfiles) beinhalten etwa die Art des Webbrowsers, das verwendete Betriebssystem, den Domainnamen Ihres Internet-Service-Providers und \u00e4hnliches. Hierbei handelt es sich ausschlie\u00dflich um Informationen, welche keine R\u00fcckschl\u00fcsse auf Ihre Person zulassen.<\/h2><h2>Diese Informationen sind technisch notwendig, um von Ihnen angeforderte Inhalte von Webseiten korrekt auszuliefern und fallen bei Nutzung des Internets zwingend an. Sie werden insbesondere zu folgenden Zwecken verarbeitet:<\/h2><h2 align=\"left\">o\u00a0\u00a0\u00a0\u00a0Sicherstellung des problemlosen Verbindungsaufbaus der Website,<\/h2><h2 align=\"left\">o\u00a0\u00a0\u00a0\u00a0Sicherstellung einer reibungslosen Nutzung unserer Website,<\/h2><h2 align=\"left\">o\u00a0\u00a0\u00a0\u00a0Auswertung der Systemsicherheit und -stabilit\u00e4t sowie<\/h2><h2 align=\"left\">o\u00a0\u00a0\u00a0\u00a0zu weiteren administrativen Zwecken.<\/h2><h2>Die Verarbeitung Ihrer personenbezogenen Daten basiert auf unserem berechtigten Interesse aus den vorgenannten Zwecken zur Datenerhebung. Wir verwenden Ihre Daten nicht, um R\u00fcckschl\u00fcsse auf Ihre Person zu ziehen. Empf\u00e4nger der Daten sind nur die verantwortliche Stelle und ggf. Auftragsverarbeiter.<\/h2><h2>Anonyme Informationen dieser Art werden von uns ggfs. statistisch ausgewertet, um unseren Internetauftritt und die dahinterstehende Technik zu optimieren.<\/h2><h2>Die Datenschutzerkl\u00e4rung wurde unter Zuhilfenahme des\u00a0<a href=\"https:\/\/www.activemind.de\/datenschutz\/datenschutzhinweis-generator\/\" target=\"_blank\" rel=\"noopener\">Datenschutzerkl\u00e4rungs-Generators der activeMind AG erstellt<\/a>.<\/h2><h2 align=\"left\">\u00a0<\/h2>\t\t\t\t\t\t\t\t<\/div>\n\t\t\t\t<\/div>\n\t\t\t\t\t<\/div>\n\t\t<\/div>\n\t\t\t\t<div class=\"elementor-column elementor-col-50 elementor-top-column elementor-element elementor-element-fe635b3\" data-id=\"fe635b3\" data-element_type=\"column\" data-e-type=\"column\">\n\t\t\t<div class=\"elementor-widget-wrap\">\n\t\t\t\t\t\t\t<\/div>\n\t\t<\/div>\n\t\t\t\t\t<\/div>\n\t\t<\/section>\n\t\t\t\t<section class=\"elementor-section elementor-top-section elementor-element elementor-element-8bffa9e elementor-section-height-min-height animated-slow elementor-section-boxed elementor-section-height-default elementor-section-items-middle elementor-invisible\" data-id=\"8bffa9e\" data-element_type=\"section\" data-e-type=\"section\" data-settings=\"{&quot;animation&quot;:&quot;fadeIn&quot;,&quot;background_background&quot;:&quot;classic&quot;,&quot;animation_delay&quot;:300}\">\n\t\t\t\t\t\t<div class=\"elementor-container elementor-column-gap-default\">\n\t\t\t\t\t<div class=\"elementor-column elementor-col-50 elementor-top-column elementor-element elementor-element-af5dc3e\" data-id=\"af5dc3e\" data-element_type=\"column\" data-e-type=\"column\">\n\t\t\t<div class=\"elementor-widget-wrap elementor-element-populated\">\n\t\t\t\t\t\t<div class=\"elementor-element elementor-element-9b9b637 elementor-widget elementor-widget-heading\" data-id=\"9b9b637\" data-element_type=\"widget\" data-e-type=\"widget\" data-widget_type=\"heading.default\">\n\t\t\t\t<div class=\"elementor-widget-container\">\n\t\t\t\t\t<h2 class=\"elementor-heading-title elementor-size-default\">Ver\u00f6ffentlichung von Personenbildnissen<\/h2>\t\t\t\t<\/div>\n\t\t\t\t<\/div>\n\t\t\t\t<div class=\"elementor-element elementor-element-d8aa672 elementor-widget elementor-widget-text-editor\" data-id=\"d8aa672\" data-element_type=\"widget\" data-e-type=\"widget\" data-widget_type=\"text-editor.default\">\n\t\t\t\t<div class=\"elementor-widget-container\">\n\t\t\t\t\t\t\t\t\t<h1><strong style=\"font-size: 16px;\">Einwilligung in die Ver\u00f6ffentlichung von Personenbildnissen.\u00a0 \u00a0 \u00a0 \u00a0 \u00a0 \u00a0 \u00a0 \u00a0 \u00a0 \u00a0 \u00a0 \u00a0 \u00a0 \u00a0 \u00a0 \u00a0 \u00a0 \u00a0 \u00a0 \u00a0 \u00a0 \u00a0<\/strong><\/h1><section class=\"elementor-section elementor-top-section elementor-element elementor-element-fa0c651 elementor-section-boxed elementor-section-height-default elementor-section-height-default\" data-id=\"fa0c651\" data-element_type=\"section\"><div class=\"elementor-container elementor-column-gap-default\"><div class=\"elementor-column elementor-col-100 elementor-top-column elementor-element elementor-element-0831aca\" data-id=\"0831aca\" data-element_type=\"column\"><div class=\"elementor-widget-wrap elementor-element-populated\"><div class=\"elementor-element elementor-element-073d0de elementor-widget elementor-widget-text-editor\" data-id=\"073d0de\" data-element_type=\"widget\" data-widget_type=\"text-editor.default\"><div class=\"elementor-widget-container\"><div class=\"elementor-text-editor elementor-clearfix\"><h3><strong>Mit jeder Meldung zu einer von uns durchgef\u00fchrten Veranstaltung \u2013<\/strong><\/h3><h4><strong>ob national oder international, \u2013 willigen Sie ein, dass Fotos und Videos von ihrer Person bei sportlichen Veranstaltungen und zur Pr\u00e4sentation von Gruppenfotos angefertigt und in folgenden Medien ver\u00f6ffentlicht werden:<\/strong><\/h4><h4><strong>Homepage\u00a0<\/strong><a href=\"http:\/\/www.yoshinkan-international.com\/\"><strong>www.Yoshinkan-International.com<\/strong><\/a><strong>, Homepage eines auf nationaler oder internationale Ebene angeschlossenen Verbandes des Yoshinkan-International e.V. und deren angegliederten Vereinen \/ Schulen sowie deren Homepages wie z. Beispiel:\u00a0<\/strong><a href=\"http:\/\/www.budowochenende.de\/\"><strong>www.Budowochenende.de<\/strong><\/a><strong>\u00a0oder andere.<\/strong><\/h4><h4><strong>Facebook (oder andere) des Yoshinkan-International.com, eines auf nationaler oder internationaler Ebene angeschlossenen Verbandes des Yoshinkan-International e.V. oder deren Vereine wie z.B.\u00a0<\/strong><a href=\"http:\/\/www.budowochenende.de\/\"><strong>www.Budowochenende.de<\/strong><\/a><strong>\u00a0regionale Presseerzeugnisse \u00fcberregionale Presseerzeugnisse.<\/strong><\/h4><h4><strong>Sie werden in den jeweiligen Ausschreibungen darauf hingewiesen, dass die Fotos und Videos mit Ihrer Person bei der Ver\u00f6ffentlichung im Internet oder in sozialen Netzwerken weltweit abrufbar sind. Eine Weiterverwendung und\/oder Ver\u00e4nderung durch Dritte kann hierbei nicht ausgeschlossen werden. Soweit die Einwilligung nicht widerrufen wird, gilt sie zeitlich unbeschr\u00e4nkt. Die Einwilligung kann mit Wirkung f\u00fcr die Zukunft widerrufen werden. Der Widerruf der Einwilligung muss in Textform (Brief oder per Mail) erfolgen und hat zur Folge, dass eine Zulassung zu einer Veranstaltung abgelehnt oder eingeschr\u00e4nkt (Pl\u00e4tze an denen nicht gefilmt oder Fotografiert wird) werden kann. Eine vollst\u00e4ndige L\u00f6schung der ver\u00f6ffentlichten Fotos und Videoaufzeichnungen im Internet kann von uns nicht sichergestellt werden, da z.B. andere Internetseiten die Fotos und Videos kopiert oder ver\u00e4ndert haben k\u00f6nnten. Der Yoshinkan-International (mit all seinen Unterseiten als Homepage oder Facebookseiten) kann nicht haftbar gemacht werden f\u00fcr Art und Form der Nutzung durch Dritte wie z. B. f\u00fcr das Herunterladen von Fotos und Videos und deren anschlie\u00dfender Nutzung und Ver\u00e4nderung. Es werden alle darauf hingewiesen, dass trotz eines Widerrufs Fotos und Videos von Person im Rahmen der Teilnahme an \u00f6ffentlichen Veranstaltungen gefertigt und im Rahmen der \u00d6ffentlichkeitsarbeit ver\u00f6ffentlicht werden d\u00fcrfen. Bei Minderj\u00e4hrigen, die das 14. Lebensjahr vollendet haben, ist neben der Einwilligung des Minderj\u00e4hrigen auch die Einwilligung des\/der gesetzlichen Vertreter erforderlich. Bei der Anmeldung zu einer Veranstaltung des Yoshinkan-International und seiner Unterseiten, haben die, die f\u00fcr die schriftliche Anmeldung zust\u00e4ndig sind, daf\u00fcr zu sorgen, dass die Einwilligungserkl\u00e4rung zur Ver\u00f6ffentlichung der Personenbilder und Videoaufzeichnungen zur Kenntnis genommen wurden und der Minderj\u00e4hrige und Erziehungsberechtigte mit der Ver\u00f6ffentlichung einverstanden sind. \u00a0 Ein Wiederruf ist zu richten an: siehe Impressum<\/strong><\/h4><\/div><\/div><\/div><\/div><\/div><\/div><\/section>\t\t\t\t\t\t\t\t<\/div>\n\t\t\t\t<\/div>\n\t\t\t\t\t<\/div>\n\t\t<\/div>\n\t\t\t\t<div class=\"elementor-column elementor-col-50 elementor-top-column elementor-element elementor-element-2a0ca42\" data-id=\"2a0ca42\" data-element_type=\"column\" data-e-type=\"column\">\n\t\t\t<div class=\"elementor-widget-wrap\">\n\t\t\t\t\t\t\t<\/div>\n\t\t<\/div>\n\t\t\t\t\t<\/div>\n\t\t<\/section>\n\t\t\t\t<section class=\"elementor-section elementor-top-section elementor-element elementor-element-41bf7c6 elementor-section-height-min-height animated-slow elementor-section-boxed elementor-section-height-default elementor-section-items-middle elementor-invisible\" data-id=\"41bf7c6\" data-element_type=\"section\" data-e-type=\"section\" data-settings=\"{&quot;animation&quot;:&quot;fadeIn&quot;,&quot;background_background&quot;:&quot;classic&quot;,&quot;animation_delay&quot;:300}\">\n\t\t\t\t\t\t<div class=\"elementor-container elementor-column-gap-default\">\n\t\t\t\t\t<div class=\"elementor-column elementor-col-50 elementor-top-column elementor-element elementor-element-6893435\" data-id=\"6893435\" data-element_type=\"column\" data-e-type=\"column\">\n\t\t\t<div class=\"elementor-widget-wrap elementor-element-populated\">\n\t\t\t\t\t\t<div class=\"elementor-element elementor-element-929f657 elementor-widget elementor-widget-heading\" data-id=\"929f657\" data-element_type=\"widget\" data-e-type=\"widget\" data-widget_type=\"heading.default\">\n\t\t\t\t<div class=\"elementor-widget-container\">\n\t\t\t\t\t<h2 class=\"elementor-heading-title elementor-size-default\">Merkblatt    zum   Datenschutz   und   Einwilligung<\/h2>\t\t\t\t<\/div>\n\t\t\t\t<\/div>\n\t\t\t\t<div class=\"elementor-element elementor-element-d8708f1 elementor-widget elementor-widget-text-editor\" data-id=\"d8708f1\" data-element_type=\"widget\" data-e-type=\"widget\" data-widget_type=\"text-editor.default\">\n\t\t\t\t<div class=\"elementor-widget-container\">\n\t\t\t\t\t\t\t\t\t<section class=\"elementor-section elementor-top-section elementor-element elementor-element-815c39d elementor-section-boxed elementor-section-height-default elementor-section-height-default\" data-id=\"815c39d\" data-element_type=\"section\"><div class=\"elementor-container elementor-column-gap-default\"><div class=\"elementor-column elementor-col-100 elementor-top-column elementor-element elementor-element-ca45db1\" data-id=\"ca45db1\" data-element_type=\"column\"><div class=\"elementor-widget-wrap elementor-element-populated\"><div class=\"elementor-element elementor-element-aaddbdc elementor-widget elementor-widget-heading\" data-id=\"aaddbdc\" data-element_type=\"widget\" data-widget_type=\"heading.default\"><div class=\"elementor-widget-container\"><h1><span class=\"diyfeDecoration\"><a href=\"http:\/\/s866866441.online.de\/wp-content\/uploads\/2021\/04\/Datenschutzerklaerung-fuer-Teilnehmer-2-1.pdf\">http:\/\/s866866441.online.de\/wp-content\/uploads\/2021\/04\/Datenschutzerklaerung-fuer-Teilnehmer-2-1.pdf<\/a>Merkblatt zum Datenschutz und Einwilligung<\/span><\/h1><\/div><\/div><\/div><\/div><\/div><\/section>\t\t\t\t\t\t\t\t<\/div>\n\t\t\t\t<\/div>\n\t\t\t\t<div class=\"elementor-element elementor-element-c642af2 elementor-widget elementor-widget-text-editor\" data-id=\"c642af2\" data-element_type=\"widget\" data-e-type=\"widget\" data-widget_type=\"text-editor.default\">\n\t\t\t\t<div class=\"elementor-widget-container\">\n\t\t\t\t\t\t\t\t\t<h1 align=\"left\"><a href=\"http:\/\/s866866441.online.de\/wp-content\/uploads\/2021\/04\/BSD-Merkblatt-Informationspflichten-2-1-1.pdf\">http:\/\/s866866441.online.de\/wp-content\/uploads\/2021\/04\/BSD-Merkblatt-Informationspflichten-2-1-1.pdf<\/a>\u00a0 \u00a0 \u00a0 \u00a0 \u00a0 \u00a0 \u00a0 \u00a0 \u00a0 \u00a0 \u00a0 \u00a0 \u00a0BSD Merkblatt Informationspflicht<\/h1>\t\t\t\t\t\t\t\t<\/div>\n\t\t\t\t<\/div>\n\t\t\t\t\t<\/div>\n\t\t<\/div>\n\t\t\t\t<div class=\"elementor-column elementor-col-50 elementor-top-column elementor-element elementor-element-745f887\" data-id=\"745f887\" data-element_type=\"column\" data-e-type=\"column\">\n\t\t\t<div class=\"elementor-widget-wrap\">\n\t\t\t\t\t\t\t<\/div>\n\t\t<\/div>\n\t\t\t\t\t<\/div>\n\t\t<\/section>\n\t\t\t\t<\/div>\n\t\t","protected":false},"excerpt":{"rendered":"<p>Kontakt \/ Impressum Rainer Grytt\u00a0 \u00a0 \u00a0 \u00a0 \u00a0 \u00a0 \u00a0 \u00a0 \u00a0 \u00a0 \u00a0 \u00a0 \u00a0 \u00a0Am Eichenkamp 7\u00a0 \u00a0 \u00a0 \u00a0 \u00a0 \u00a027239 Twistringen Tel. 04243 \/ 602211\u00a0 Web:\u00a0www.jitsu.de\u00a0 \u00a0 \u00a0 \u00a0 \u00a0 \u00a0 \u00a0 \u00a0 \u00a0 \u00a0 \u00a0 \u00a0 \u00a0E-mail:\u00a0rgrytt@t-online.de\u00a0 Haftungshinweis: Trotz sorgf\u00e4ltiger inhaltlicher Kontrolle \u00fcbernehmen wir keine Haftung f\u00fcr die Inhalte [&hellip;]<\/p>\n","protected":false},"author":1,"featured_media":0,"parent":0,"menu_order":0,"comment_status":"closed","ping_status":"closed","template":"","meta":{"ocean_post_layout":"full-screen","ocean_both_sidebars_style":"","ocean_both_sidebars_content_width":0,"ocean_both_sidebars_sidebars_width":0,"ocean_sidebar":"0","ocean_second_sidebar":"0","ocean_disable_margins":"enable","ocean_add_body_class":"","ocean_shortcode_before_top_bar":"","ocean_shortcode_after_top_bar":"","ocean_shortcode_before_header":"","ocean_shortcode_after_header":"","ocean_has_shortcode":"","ocean_shortcode_after_title":"","ocean_shortcode_before_footer_widgets":"","ocean_shortcode_after_footer_widgets":"","ocean_shortcode_before_footer_bottom":"","ocean_shortcode_after_footer_bottom":"","ocean_display_top_bar":"off","ocean_display_header":"default","ocean_header_style":"","ocean_center_header_left_menu":"0","ocean_custom_header_template":"0","ocean_custom_logo":0,"ocean_custom_retina_logo":0,"ocean_custom_logo_max_width":0,"ocean_custom_logo_tablet_max_width":0,"ocean_custom_logo_mobile_max_width":0,"ocean_custom_logo_max_height":0,"ocean_custom_logo_tablet_max_height":0,"ocean_custom_logo_mobile_max_height":0,"ocean_header_custom_menu":"0","ocean_menu_typo_font_family":"0","ocean_menu_typo_font_subset":"","ocean_menu_typo_font_size":0,"ocean_menu_typo_font_size_tablet":0,"ocean_menu_typo_font_size_mobile":0,"ocean_menu_typo_font_size_unit":"px","ocean_menu_typo_font_weight":"","ocean_menu_typo_font_weight_tablet":"","ocean_menu_typo_font_weight_mobile":"","ocean_menu_typo_transform":"","ocean_menu_typo_transform_tablet":"","ocean_menu_typo_transform_mobile":"","ocean_menu_typo_line_height":0,"ocean_menu_typo_line_height_tablet":0,"ocean_menu_typo_line_height_mobile":0,"ocean_menu_typo_line_height_unit":"","ocean_menu_typo_spacing":0,"ocean_menu_typo_spacing_tablet":0,"ocean_menu_typo_spacing_mobile":0,"ocean_menu_typo_spacing_unit":"","ocean_menu_link_color":"","ocean_menu_link_color_hover":"","ocean_menu_link_color_active":"","ocean_menu_link_background":"","ocean_menu_link_hover_background":"","ocean_menu_link_active_background":"","ocean_menu_social_links_bg":"","ocean_menu_social_hover_links_bg":"","ocean_menu_social_links_color":"","ocean_menu_social_hover_links_color":"","ocean_disable_title":"on","ocean_disable_heading":"default","ocean_post_title":"","ocean_post_subheading":"","ocean_post_title_style":"","ocean_post_title_background_color":"","ocean_post_title_background":0,"ocean_post_title_bg_image_position":"","ocean_post_title_bg_image_attachment":"","ocean_post_title_bg_image_repeat":"","ocean_post_title_bg_image_size":"","ocean_post_title_height":0,"ocean_post_title_bg_overlay":0.5,"ocean_post_title_bg_overlay_color":"","ocean_disable_breadcrumbs":"default","ocean_breadcrumbs_color":"","ocean_breadcrumbs_separator_color":"","ocean_breadcrumbs_links_color":"","ocean_breadcrumbs_links_hover_color":"","ocean_display_footer_widgets":"off","ocean_display_footer_bottom":"off","ocean_custom_footer_template":"0","footnotes":""},"class_list":["post-215","page","type-page","status-publish","hentry","entry"],"_links":{"self":[{"href":"https:\/\/jitsu.de\/en\/wp-json\/wp\/v2\/pages\/215","targetHints":{"allow":["GET"]}}],"collection":[{"href":"https:\/\/jitsu.de\/en\/wp-json\/wp\/v2\/pages"}],"about":[{"href":"https:\/\/jitsu.de\/en\/wp-json\/wp\/v2\/types\/page"}],"author":[{"embeddable":true,"href":"https:\/\/jitsu.de\/en\/wp-json\/wp\/v2\/users\/1"}],"replies":[{"embeddable":true,"href":"https:\/\/jitsu.de\/en\/wp-json\/wp\/v2\/comments?post=215"}],"version-history":[{"count":52,"href":"https:\/\/jitsu.de\/en\/wp-json\/wp\/v2\/pages\/215\/revisions"}],"predecessor-version":[{"id":1666,"href":"https:\/\/jitsu.de\/en\/wp-json\/wp\/v2\/pages\/215\/revisions\/1666"}],"wp:attachment":[{"href":"https:\/\/jitsu.de\/en\/wp-json\/wp\/v2\/media?parent=215"}],"curies":[{"name":"wp","href":"https:\/\/api.w.org\/{rel}","templated":true}]}}